{"id":8882,"date":"2026-02-15T18:36:40","date_gmt":"2026-02-15T16:36:40","guid":{"rendered":"https:\/\/vamirox.com\/?post_type=product&#038;p=8882"},"modified":"2026-02-22T20:17:38","modified_gmt":"2026-02-22T18:17:38","slug":"procto-synalar-n-crem-medicinal-pentru-hemoroizi","status":"publish","type":"product","link":"https:\/\/vamirox.com\/ro\/produkt\/procto-synalar-n-crem-medicinal-pentru-hemoroizi\/","title":{"rendered":"Procto-Synalar N \u2013 Crem medicinal pentru hemoroizi"},"content":{"rendered":"<h2 style=\"text-align: center;\" data-start=\"102\" data-end=\"159\"><strong data-start=\"105\" data-end=\"159\">Procto-Synalar N \u2013 Crem medicinal pentru hemoroizi<\/strong><\/h2>\n<p>&nbsp;<\/p>\n<p data-start=\"161\" data-end=\"379\"><strong data-start=\"161\" data-end=\"182\">Substan\u021be active:<\/strong> Fluocinolon acetonid \u0219i lidocain\u0103 clorhidrat<br data-start=\"227\" data-end=\"230\" \/>Crem\u0103 rectal\u0103 \u2013 tub 15 g. Fiecare cutie con\u021bine aplicator.<br data-start=\"288\" data-end=\"291\" \/>Fiecare gram de crem\u0103 con\u021bine fluocinolon acetonid 0,1 mg \u0219i lidocain\u0103 clorhidrat 20 mg.<\/p>\n<p data-start=\"381\" data-end=\"792\">Procto-Synalar N este o crem\u0103 eficient\u0103 pentru hemoroizi, conceput\u0103 pentru ameliorarea rapid\u0103 a simptomelor \u00eenc\u0103 de la prima aplicare. Datorit\u0103 combina\u021biei unice de ingrediente active, ajut\u0103 la reducerea inflama\u021biei \u0219i calmeaz\u0103 durerea, senza\u021bia de arsur\u0103, umflarea \u0219i m\u00e2nc\u0103rimea. Este potrivit\u0103 pentru tratamentul simptomatic al hemoroizilor interni \u0219i externi, precum \u0219i pentru alte afec\u021biuni ale zonei anale.<\/p>\n<h3 data-start=\"794\" data-end=\"838\"><strong data-start=\"798\" data-end=\"838\">Ac\u021biune antiinflamatoare \u0219i calmant\u0103<\/strong><\/h3>\n<p data-start=\"840\" data-end=\"1191\">Procto-Synalar N con\u021bine fluocinolon acetonid, un corticosteroid local puternic, cu efect antiinflamator, antipruriginos \u0219i vasoconstrictor. Acesta reduce inflama\u021bia \u0219i disconfortul, contribuind la vindecarea pielii \u0219i a mucoasei. Lidocaina este un anestezic local eficient, care ofer\u0103 calmare rapid\u0103 a durerii \u0219i irita\u021biei, asigur\u00e2nd confort imediat.<\/p>\n<h3 data-start=\"1193\" data-end=\"1210\"><strong data-start=\"1197\" data-end=\"1210\">Indica\u021bii<\/strong><\/h3>\n<p data-start=\"1212\" data-end=\"1360\">Produsul este indicat pentru tratamentul simptomatic al inflama\u021biei \u0219i pruritului \u00een afec\u021biuni cutanate sensibile la corticosteroizi locali, precum:<\/p>\n<ul data-start=\"1361\" data-end=\"1479\">\n<li data-start=\"1361\" data-end=\"1393\">\n<p data-start=\"1363\" data-end=\"1393\">Hemoroizi interni \u0219i externi<\/p>\n<\/li>\n<li data-start=\"1394\" data-end=\"1414\">\n<p data-start=\"1396\" data-end=\"1414\">Eczem\u0103 perianal\u0103<\/p>\n<\/li>\n<li data-start=\"1415\" data-end=\"1434\">\n<p data-start=\"1417\" data-end=\"1434\">M\u00e2nc\u0103rime anal\u0103<\/p>\n<\/li>\n<li data-start=\"1435\" data-end=\"1479\">\n<p data-start=\"1437\" data-end=\"1479\">Irita\u021bii \u0219i inflama\u021bii ale zonei rectale<\/p>\n<\/li>\n<\/ul>\n<h3 data-start=\"1481\" data-end=\"1505\"><strong data-start=\"1485\" data-end=\"1505\">Mod de utilizare<\/strong><\/h3>\n<p data-start=\"1507\" data-end=\"1706\">Aplica\u021bi o cantitate mic\u0103 de crem\u0103 pe zona afectat\u0103 de 2-3 ori pe zi. Crema poate fi utilizat\u0103 \u0219i intrarectal cu ajutorul aplicatorului inclus. Durata obi\u0219nuit\u0103 a tratamentului este de 1-2 s\u0103pt\u0103m\u00e2ni.<\/p>\n<h3 data-start=\"1708\" data-end=\"1741\"><strong data-start=\"1712\" data-end=\"1741\">Precau\u021bii \u0219i avertismente<\/strong><\/h3>\n<p data-start=\"1743\" data-end=\"2293\">Nu utiliza\u021bi \u00een caz de hipersensibilitate la oricare dintre ingrediente. Evita\u021bi utilizarea prelungit\u0103 f\u0103r\u0103 recomandarea medicului. \u00cen cazul infec\u021biilor, se recomand\u0103 tratament antimicrobian sau antifungic adecvat. Dac\u0103 apare irita\u021bie sau s\u00e2ngerare rectal\u0103, tratamentul trebuie \u00eentrerupt. Nu utiliza\u021bi mai mult de dou\u0103 s\u0103pt\u0103m\u00e2ni f\u0103r\u0103 consult medical. Produsul nu \u00eenlocuie\u0219te tratamentul cauzei hemoroizilor, cum ar fi igiena local\u0103 sau tratamentul constipa\u021biei. A nu se utiliza \u00een cazul unor afec\u021biuni severe sau infec\u021bii f\u0103r\u0103 recomandarea medicului.<\/p>\n<h3 data-start=\"2295\" data-end=\"2328\"><strong data-start=\"2299\" data-end=\"2314\">Produc\u0103tor:<\/strong> Minerva Pharm<\/h3>\n","protected":false},"excerpt":{"rendered":"<ul>\n<li>Crem\u0103 eficient\u0103 pentru hemoroizi, cu ac\u021biune rapid\u0103 antiinflamatoare \u0219i calmant\u0103.<\/li>\n<li>Reduce durerea, m\u00e2nc\u0103rimea \u0219i disconfortul \u00eenc\u0103 de la prima aplicare.<\/li>\n<li>Formul\u0103 cu lidocain\u0103 \u0219i fluocinolon pentru confort \u0219i protec\u021bie.<\/li>\n<\/ul>\n","protected":false},"featured_media":8868,"comment_status":"open","ping_status":"closed","template":"","meta":{"site-sidebar-layout":"default","site-content-layout":"","ast-site-content-layout":"default","site-content-style":"default","site-sidebar-style":"default","ast-global-header-display":"","ast-banner-title-visibility":"","ast-main-header-display":"","ast-hfb-above-header-display":"","ast-hfb-below-header-display":"","ast-hfb-mobile-header-display":"","site-post-title":"","ast-breadcrumbs-content":"","ast-featured-img":"","footer-sml-layout":"","ast-disable-related-posts":"","theme-transparent-header-meta":"default","adv-header-id-meta":"","stick-header-meta":"","header-above-stick-meta":"","header-main-stick-meta":"","header-below-stick-meta":"","astra-migrate-meta-layouts":"set","ast-page-background-enabled":"default","ast-page-background-meta":{"desktop":{"background-color":"","background-image":"","background-repeat":"repeat","background-position":"center center","background-size":"auto","background-attachment":"scroll","background-type":"","background-media":"","overlay-type":"","overlay-color":"","overlay-opacity":"","overlay-gradient":""},"tablet":{"background-color":"","background-image":"","background-repeat":"repeat","background-position":"center center","background-size":"auto","background-attachment":"scroll","background-type":"","background-media":"","overlay-type":"","overlay-color":"","overlay-opacity":"","overlay-gradient":""},"mobile":{"background-color":"","background-image":"","background-repeat":"repeat","background-position":"center center","background-size":"auto","background-attachment":"scroll","background-type":"","background-media":"","overlay-type":"","overlay-color":"","overlay-opacity":"","overlay-gradient":""}},"ast-content-background-meta":{"desktop":{"background-color":"var(--ast-global-color-5)","background-image":"","background-repeat":"repeat","background-position":"center center","background-size":"auto","background-attachment":"scroll","background-type":"","background-media":"","overlay-type":"","overlay-color":"","overlay-opacity":"","overlay-gradient":""},"tablet":{"background-color":"var(--ast-global-color-5)","background-image":"","background-repeat":"repeat","background-position":"center center","background-size":"auto","background-attachment":"scroll","background-type":"","background-media":"","overlay-type":"","overlay-color":"","overlay-opacity":"","overlay-gradient":""},"mobile":{"background-color":"var(--ast-global-color-5)","background-image":"","background-repeat":"repeat","background-position":"center center","background-size":"auto","background-attachment":"scroll","background-type":"","background-media":"","overlay-type":"","overlay-color":"","overlay-opacity":"","overlay-gradient":""}}},"product_brand":[],"product_cat":[123,119],"product_tag":[],"class_list":{"0":"post-8882","1":"product","2":"type-product","3":"status-publish","4":"has-post-thumbnail","6":"product_cat-therapeutic-creams","7":"product_cat-home-pharmacy","8":"desktop-align-center","9":"tablet-align-center","10":"mobile-align-center","12":"first","13":"instock","14":"taxable","15":"shipping-taxable","16":"purchasable","17":"product-type-simple"},"yoast_head":"<!-- This site is optimized with the Yoast SEO plugin v27.6 - https:\/\/yoast.com\/product\/yoast-seo-wordpress\/ -->\n<title>Procto-Synalar N \u2013 Crem medicinal pentru hemoroizi - Vamirox<\/title>\n<meta name=\"description\" content=\"Procto-Synalar N \u2013 Crem medicinal pentru hemoroizi Crem\u0103 eficient\u0103 pentru hemoroizi, cu ac\u021biune rapid\u0103 antiinflamatoare \u0219i calmant\u0103.\" \/>\n<meta name=\"robots\" content=\"index, follow, max-snippet:-1, max-image-preview:large, max-video-preview:-1\" \/>\n<link rel=\"canonical\" href=\"https:\/\/vamirox.com\/ro\/produkt\/procto-synalar-n-crem-medicinal-pentru-hemoroizi\/\" \/>\n<meta property=\"og:locale\" content=\"ro_RO\" \/>\n<meta property=\"og:type\" content=\"article\" \/>\n<meta property=\"og:title\" content=\"Procto-Synalar N \u2013 Crem medicinal pentru hemoroizi - Vamirox\" \/>\n<meta property=\"og:description\" content=\"Procto-Synalar N \u2013 Crem medicinal pentru hemoroizi Crem\u0103 eficient\u0103 pentru hemoroizi, cu ac\u021biune rapid\u0103 antiinflamatoare \u0219i calmant\u0103.\" \/>\n<meta property=\"og:url\" content=\"https:\/\/vamirox.com\/ro\/produkt\/procto-synalar-n-crem-medicinal-pentru-hemoroizi\/\" \/>\n<meta property=\"og:site_name\" content=\"Vamirox\" \/>\n<meta property=\"article:modified_time\" content=\"2026-02-22T18:17:38+00:00\" \/>\n<meta property=\"og:image\" content=\"https:\/\/vamirox.com\/wp-content\/uploads\/2026\/02\/811.102.png\" \/>\n\t<meta property=\"og:image:width\" content=\"600\" \/>\n\t<meta property=\"og:image:height\" content=\"600\" \/>\n\t<meta property=\"og:image:type\" content=\"image\/png\" \/>\n<meta name=\"twitter:card\" content=\"summary_large_image\" \/>\n<meta name=\"twitter:label1\" content=\"Timp estimat pentru citire\" \/>\n\t<meta name=\"twitter:data1\" content=\"2 minute\" \/>\n<script type=\"application\/ld+json\" class=\"yoast-schema-graph\">{\"@context\":\"https:\\\/\\\/schema.org\",\"@graph\":[{\"@type\":\"WebPage\",\"@id\":\"https:\\\/\\\/vamirox.com\\\/ro\\\/produkt\\\/procto-synalar-n-crem-medicinal-pentru-hemoroizi\\\/\",\"url\":\"https:\\\/\\\/vamirox.com\\\/ro\\\/produkt\\\/procto-synalar-n-crem-medicinal-pentru-hemoroizi\\\/\",\"name\":\"Procto-Synalar N \u2013 Crem medicinal pentru hemoroizi - Vamirox\",\"isPartOf\":{\"@id\":\"https:\\\/\\\/vamirox.com\\\/ro\\\/#website\"},\"primaryImageOfPage\":{\"@id\":\"https:\\\/\\\/vamirox.com\\\/ro\\\/produkt\\\/procto-synalar-n-crem-medicinal-pentru-hemoroizi\\\/#primaryimage\"},\"image\":{\"@id\":\"https:\\\/\\\/vamirox.com\\\/ro\\\/produkt\\\/procto-synalar-n-crem-medicinal-pentru-hemoroizi\\\/#primaryimage\"},\"thumbnailUrl\":\"https:\\\/\\\/vamirox.com\\\/wp-content\\\/uploads\\\/2026\\\/02\\\/811.102.png\",\"datePublished\":\"2026-02-15T16:36:40+00:00\",\"dateModified\":\"2026-02-22T18:17:38+00:00\",\"description\":\"Procto-Synalar N \u2013 Crem medicinal pentru hemoroizi Crem\u0103 eficient\u0103 pentru hemoroizi, cu ac\u021biune rapid\u0103 antiinflamatoare \u0219i calmant\u0103.\",\"breadcrumb\":{\"@id\":\"https:\\\/\\\/vamirox.com\\\/ro\\\/produkt\\\/procto-synalar-n-crem-medicinal-pentru-hemoroizi\\\/#breadcrumb\"},\"inLanguage\":\"ro-RO\",\"potentialAction\":[{\"@type\":\"ReadAction\",\"target\":[\"https:\\\/\\\/vamirox.com\\\/ro\\\/produkt\\\/procto-synalar-n-crem-medicinal-pentru-hemoroizi\\\/\"]}]},{\"@type\":\"ImageObject\",\"inLanguage\":\"ro-RO\",\"@id\":\"https:\\\/\\\/vamirox.com\\\/ro\\\/produkt\\\/procto-synalar-n-crem-medicinal-pentru-hemoroizi\\\/#primaryimage\",\"url\":\"https:\\\/\\\/vamirox.com\\\/wp-content\\\/uploads\\\/2026\\\/02\\\/811.102.png\",\"contentUrl\":\"https:\\\/\\\/vamirox.com\\\/wp-content\\\/uploads\\\/2026\\\/02\\\/811.102.png\",\"width\":600,\"height\":600,\"caption\":\"Procto-Synalar N \u2013 Hemorrhoid Treatment Cream\"},{\"@type\":\"BreadcrumbList\",\"@id\":\"https:\\\/\\\/vamirox.com\\\/ro\\\/produkt\\\/procto-synalar-n-crem-medicinal-pentru-hemoroizi\\\/#breadcrumb\",\"itemListElement\":[{\"@type\":\"ListItem\",\"position\":1,\"name\":\"\u041d\u0430\u0447\u0430\u043b\u043e\",\"item\":\"https:\\\/\\\/vamirox.com\\\/ro\\\/\"},{\"@type\":\"ListItem\",\"position\":2,\"name\":\"Magazin\",\"item\":\"https:\\\/\\\/vamirox.com\\\/ro\\\/magazin\\\/\"},{\"@type\":\"ListItem\",\"position\":3,\"name\":\"Procto-Synalar N \u2013 Crem medicinal pentru hemoroizi\"}]},{\"@type\":\"WebSite\",\"@id\":\"https:\\\/\\\/vamirox.com\\\/ro\\\/#website\",\"url\":\"https:\\\/\\\/vamirox.com\\\/ro\\\/\",\"name\":\"Vamirox\",\"description\":\"\",\"publisher\":{\"@id\":\"https:\\\/\\\/vamirox.com\\\/ro\\\/#organization\"},\"potentialAction\":[{\"@type\":\"SearchAction\",\"target\":{\"@type\":\"EntryPoint\",\"urlTemplate\":\"https:\\\/\\\/vamirox.com\\\/ro\\\/?s={search_term_string}\"},\"query-input\":{\"@type\":\"PropertyValueSpecification\",\"valueRequired\":true,\"valueName\":\"search_term_string\"}}],\"inLanguage\":\"ro-RO\"},{\"@type\":\"Organization\",\"@id\":\"https:\\\/\\\/vamirox.com\\\/ro\\\/#organization\",\"name\":\"Vamirox\",\"url\":\"https:\\\/\\\/vamirox.com\\\/ro\\\/\",\"logo\":{\"@type\":\"ImageObject\",\"inLanguage\":\"ro-RO\",\"@id\":\"https:\\\/\\\/vamirox.com\\\/ro\\\/#\\\/schema\\\/logo\\\/image\\\/\",\"url\":\"https:\\\/\\\/vamirox.com\\\/wp-content\\\/uploads\\\/2026\\\/02\\\/cropped-vamirox-logo-int.png\",\"contentUrl\":\"https:\\\/\\\/vamirox.com\\\/wp-content\\\/uploads\\\/2026\\\/02\\\/cropped-vamirox-logo-int.png\",\"width\":977,\"height\":307,\"caption\":\"Vamirox\"},\"image\":{\"@id\":\"https:\\\/\\\/vamirox.com\\\/ro\\\/#\\\/schema\\\/logo\\\/image\\\/\"}}]}<\/script>\n<!-- \/ Yoast SEO plugin. -->","yoast_head_json":{"title":"Procto-Synalar N \u2013 Crem medicinal pentru hemoroizi - Vamirox","description":"Procto-Synalar N \u2013 Crem medicinal pentru hemoroizi Crem\u0103 eficient\u0103 pentru hemoroizi, cu ac\u021biune rapid\u0103 antiinflamatoare \u0219i calmant\u0103.","robots":{"index":"index","follow":"follow","max-snippet":"max-snippet:-1","max-image-preview":"max-image-preview:large","max-video-preview":"max-video-preview:-1"},"canonical":"https:\/\/vamirox.com\/ro\/produkt\/procto-synalar-n-crem-medicinal-pentru-hemoroizi\/","og_locale":"ro_RO","og_type":"article","og_title":"Procto-Synalar N \u2013 Crem medicinal pentru hemoroizi - Vamirox","og_description":"Procto-Synalar N \u2013 Crem medicinal pentru hemoroizi Crem\u0103 eficient\u0103 pentru hemoroizi, cu ac\u021biune rapid\u0103 antiinflamatoare \u0219i calmant\u0103.","og_url":"https:\/\/vamirox.com\/ro\/produkt\/procto-synalar-n-crem-medicinal-pentru-hemoroizi\/","og_site_name":"Vamirox","article_modified_time":"2026-02-22T18:17:38+00:00","og_image":[{"width":600,"height":600,"url":"https:\/\/vamirox.com\/wp-content\/uploads\/2026\/02\/811.102.png","type":"image\/png"}],"twitter_card":"summary_large_image","twitter_misc":{"Timp estimat pentru citire":"2 minute"},"schema":{"@context":"https:\/\/schema.org","@graph":[{"@type":"WebPage","@id":"https:\/\/vamirox.com\/ro\/produkt\/procto-synalar-n-crem-medicinal-pentru-hemoroizi\/","url":"https:\/\/vamirox.com\/ro\/produkt\/procto-synalar-n-crem-medicinal-pentru-hemoroizi\/","name":"Procto-Synalar N \u2013 Crem medicinal pentru hemoroizi - Vamirox","isPartOf":{"@id":"https:\/\/vamirox.com\/ro\/#website"},"primaryImageOfPage":{"@id":"https:\/\/vamirox.com\/ro\/produkt\/procto-synalar-n-crem-medicinal-pentru-hemoroizi\/#primaryimage"},"image":{"@id":"https:\/\/vamirox.com\/ro\/produkt\/procto-synalar-n-crem-medicinal-pentru-hemoroizi\/#primaryimage"},"thumbnailUrl":"https:\/\/vamirox.com\/wp-content\/uploads\/2026\/02\/811.102.png","datePublished":"2026-02-15T16:36:40+00:00","dateModified":"2026-02-22T18:17:38+00:00","description":"Procto-Synalar N \u2013 Crem medicinal pentru hemoroizi Crem\u0103 eficient\u0103 pentru hemoroizi, cu ac\u021biune rapid\u0103 antiinflamatoare \u0219i calmant\u0103.","breadcrumb":{"@id":"https:\/\/vamirox.com\/ro\/produkt\/procto-synalar-n-crem-medicinal-pentru-hemoroizi\/#breadcrumb"},"inLanguage":"ro-RO","potentialAction":[{"@type":"ReadAction","target":["https:\/\/vamirox.com\/ro\/produkt\/procto-synalar-n-crem-medicinal-pentru-hemoroizi\/"]}]},{"@type":"ImageObject","inLanguage":"ro-RO","@id":"https:\/\/vamirox.com\/ro\/produkt\/procto-synalar-n-crem-medicinal-pentru-hemoroizi\/#primaryimage","url":"https:\/\/vamirox.com\/wp-content\/uploads\/2026\/02\/811.102.png","contentUrl":"https:\/\/vamirox.com\/wp-content\/uploads\/2026\/02\/811.102.png","width":600,"height":600,"caption":"Procto-Synalar N \u2013 Hemorrhoid Treatment Cream"},{"@type":"BreadcrumbList","@id":"https:\/\/vamirox.com\/ro\/produkt\/procto-synalar-n-crem-medicinal-pentru-hemoroizi\/#breadcrumb","itemListElement":[{"@type":"ListItem","position":1,"name":"\u041d\u0430\u0447\u0430\u043b\u043e","item":"https:\/\/vamirox.com\/ro\/"},{"@type":"ListItem","position":2,"name":"Magazin","item":"https:\/\/vamirox.com\/ro\/magazin\/"},{"@type":"ListItem","position":3,"name":"Procto-Synalar N \u2013 Crem medicinal pentru hemoroizi"}]},{"@type":"WebSite","@id":"https:\/\/vamirox.com\/ro\/#website","url":"https:\/\/vamirox.com\/ro\/","name":"Vamirox","description":"","publisher":{"@id":"https:\/\/vamirox.com\/ro\/#organization"},"potentialAction":[{"@type":"SearchAction","target":{"@type":"EntryPoint","urlTemplate":"https:\/\/vamirox.com\/ro\/?s={search_term_string}"},"query-input":{"@type":"PropertyValueSpecification","valueRequired":true,"valueName":"search_term_string"}}],"inLanguage":"ro-RO"},{"@type":"Organization","@id":"https:\/\/vamirox.com\/ro\/#organization","name":"Vamirox","url":"https:\/\/vamirox.com\/ro\/","logo":{"@type":"ImageObject","inLanguage":"ro-RO","@id":"https:\/\/vamirox.com\/ro\/#\/schema\/logo\/image\/","url":"https:\/\/vamirox.com\/wp-content\/uploads\/2026\/02\/cropped-vamirox-logo-int.png","contentUrl":"https:\/\/vamirox.com\/wp-content\/uploads\/2026\/02\/cropped-vamirox-logo-int.png","width":977,"height":307,"caption":"Vamirox"},"image":{"@id":"https:\/\/vamirox.com\/ro\/#\/schema\/logo\/image\/"}}]}},"_links":{"self":[{"href":"https:\/\/vamirox.com\/ro\/wp-json\/wp\/v2\/product\/8882","targetHints":{"allow":["GET"]}}],"collection":[{"href":"https:\/\/vamirox.com\/ro\/wp-json\/wp\/v2\/product"}],"about":[{"href":"https:\/\/vamirox.com\/ro\/wp-json\/wp\/v2\/types\/product"}],"replies":[{"embeddable":true,"href":"https:\/\/vamirox.com\/ro\/wp-json\/wp\/v2\/comments?post=8882"}],"wp:featuredmedia":[{"embeddable":true,"href":"https:\/\/vamirox.com\/ro\/wp-json\/wp\/v2\/media\/8868"}],"wp:attachment":[{"href":"https:\/\/vamirox.com\/ro\/wp-json\/wp\/v2\/media?parent=8882"}],"wp:term":[{"taxonomy":"product_brand","embeddable":true,"href":"https:\/\/vamirox.com\/ro\/wp-json\/wp\/v2\/product_brand?post=8882"},{"taxonomy":"product_cat","embeddable":true,"href":"https:\/\/vamirox.com\/ro\/wp-json\/wp\/v2\/product_cat?post=8882"},{"taxonomy":"product_tag","embeddable":true,"href":"https:\/\/vamirox.com\/ro\/wp-json\/wp\/v2\/product_tag?post=8882"}],"curies":[{"name":"wp","href":"https:\/\/api.w.org\/{rel}","templated":true}]}}